{"id":606,"date":"2024-05-03T17:58:22","date_gmt":"2024-05-03T15:58:22","guid":{"rendered":"https:\/\/rscbeaufays.thegoodtee.shop\/?post_type=product&#038;p=606"},"modified":"2024-11-07T15:11:12","modified_gmt":"2024-11-07T14:11:12","slug":"short-de-jogging-enfant","status":"publish","type":"product","link":"https:\/\/rscbeaufays.thegoodtee.shop\/index.php\/produit\/short-de-jogging-enfant\/","title":{"rendered":"Short de jogging enfant"},"content":{"rendered":"<p>Le short de jogging enfant<br \/>\nCoupe normale<br \/>\n300 GSM<br \/>\n85% coton biologique fil\u00e9 et peign\u00e9,15% polyester recycl\u00e9<\/p>\n<p>Impression DTF<\/p>\n","protected":false},"excerpt":{"rendered":"<p>Le short de jogging enfant<br \/>\nCoupe normale<br \/>\n300 GSM<br \/>\n85% coton biologique fil\u00e9 et peign\u00e9,15% polyester recycl\u00e9<\/p>\n<p>Impression DTF<\/p>\n","protected":false},"featured_media":492,"template":"","meta":{"_monsterinsights_skip_tracking":false,"_monsterinsights_sitenote_active":false,"_monsterinsights_sitenote_note":"","_monsterinsights_sitenote_category":0,"_uf_show_specific_survey":0,"_uf_disable_surveys":false},"product_brand":[],"product_cat":[19],"product_tag":[],"class_list":{"0":"post-606","1":"product","2":"type-product","3":"status-publish","4":"has-post-thumbnail","6":"product_cat-beaufays","8":"first","9":"instock","10":"taxable","11":"shipping-taxable","12":"purchasable","13":"product-type-variable","14":"has-default-attributes"},"aioseo_notices":[],"_links":{"self":[{"href":"https:\/\/rscbeaufays.thegoodtee.shop\/index.php\/wp-json\/wp\/v2\/product\/606","targetHints":{"allow":["GET"]}}],"collection":[{"href":"https:\/\/rscbeaufays.thegoodtee.shop\/index.php\/wp-json\/wp\/v2\/product"}],"about":[{"href":"https:\/\/rscbeaufays.thegoodtee.shop\/index.php\/wp-json\/wp\/v2\/types\/product"}],"wp:featuredmedia":[{"embeddable":true,"href":"https:\/\/rscbeaufays.thegoodtee.shop\/index.php\/wp-json\/wp\/v2\/media\/492"}],"wp:attachment":[{"href":"https:\/\/rscbeaufays.thegoodtee.shop\/index.php\/wp-json\/wp\/v2\/media?parent=606"}],"wp:term":[{"taxonomy":"product_brand","embeddable":true,"href":"https:\/\/rscbeaufays.thegoodtee.shop\/index.php\/wp-json\/wp\/v2\/product_brand?post=606"},{"taxonomy":"product_cat","embeddable":true,"href":"https:\/\/rscbeaufays.thegoodtee.shop\/index.php\/wp-json\/wp\/v2\/product_cat?post=606"},{"taxonomy":"product_tag","embeddable":true,"href":"https:\/\/rscbeaufays.thegoodtee.shop\/index.php\/wp-json\/wp\/v2\/product_tag?post=606"}],"curies":[{"name":"wp","href":"https:\/\/api.w.org\/{rel}","templated":true}]}}