{"id":372,"date":"2024-04-30T17:30:11","date_gmt":"2024-04-30T15:30:11","guid":{"rendered":"https:\/\/rscbeaufays.thegoodtee.shop\/?post_type=product&#038;p=372"},"modified":"2025-05-05T14:35:57","modified_gmt":"2025-05-05T12:35:57","slug":"beaufays-hoodies-zip","status":"publish","type":"product","link":"https:\/\/rscbeaufays.thegoodtee.shop\/index.php\/produit\/beaufays-hoodies-zip\/","title":{"rendered":"Hoodie zipp\u00e9 adulte"},"content":{"rendered":"<p>Le sweatshirt \u00e0 capuche unisexe indispensable<br \/>\n85% coton biologique fil\u00e9 et peign\u00e9,15% polyester recycl\u00e9<br \/>\n280 GSM<br \/>\ncoupe Normale<\/p>\n<p>Broderie<\/p>\n<p>&nbsp;<\/p>\n<p>&nbsp;<\/p>\n<p>&nbsp;<\/p>\n","protected":false},"excerpt":{"rendered":"<p>Le sweatshirt \u00e0 capuche unisexe indispensable<br \/>\n85% coton biologique fil\u00e9 et peign\u00e9,15% polyester recycl\u00e9<br \/>\n280 GSM<br \/>\ncoupe Normale<\/p>\n<p>Impression DTF<\/p>\n<p>&nbsp;<\/p>\n","protected":false},"featured_media":419,"template":"","meta":{"_monsterinsights_skip_tracking":false,"_monsterinsights_sitenote_active":false,"_monsterinsights_sitenote_note":"","_monsterinsights_sitenote_category":0,"_uf_show_specific_survey":0,"_uf_disable_surveys":false},"product_brand":[],"product_cat":[19],"product_tag":[],"class_list":{"0":"post-372","1":"product","2":"type-product","3":"status-publish","4":"has-post-thumbnail","6":"product_cat-beaufays","8":"first","9":"instock","10":"taxable","11":"shipping-taxable","12":"purchasable","13":"product-type-variable","14":"has-default-attributes"},"aioseo_notices":[],"_links":{"self":[{"href":"https:\/\/rscbeaufays.thegoodtee.shop\/index.php\/wp-json\/wp\/v2\/product\/372","targetHints":{"allow":["GET"]}}],"collection":[{"href":"https:\/\/rscbeaufays.thegoodtee.shop\/index.php\/wp-json\/wp\/v2\/product"}],"about":[{"href":"https:\/\/rscbeaufays.thegoodtee.shop\/index.php\/wp-json\/wp\/v2\/types\/product"}],"wp:featuredmedia":[{"embeddable":true,"href":"https:\/\/rscbeaufays.thegoodtee.shop\/index.php\/wp-json\/wp\/v2\/media\/419"}],"wp:attachment":[{"href":"https:\/\/rscbeaufays.thegoodtee.shop\/index.php\/wp-json\/wp\/v2\/media?parent=372"}],"wp:term":[{"taxonomy":"product_brand","embeddable":true,"href":"https:\/\/rscbeaufays.thegoodtee.shop\/index.php\/wp-json\/wp\/v2\/product_brand?post=372"},{"taxonomy":"product_cat","embeddable":true,"href":"https:\/\/rscbeaufays.thegoodtee.shop\/index.php\/wp-json\/wp\/v2\/product_cat?post=372"},{"taxonomy":"product_tag","embeddable":true,"href":"https:\/\/rscbeaufays.thegoodtee.shop\/index.php\/wp-json\/wp\/v2\/product_tag?post=372"}],"curies":[{"name":"wp","href":"https:\/\/api.w.org\/{rel}","templated":true}]}}