{"id":106,"date":"2024-04-26T15:21:13","date_gmt":"2024-04-26T13:21:13","guid":{"rendered":"http:\/\/rscbeaufays.thegoodtee.shop\/?post_type=product&#038;p=106"},"modified":"2025-12-24T09:39:17","modified_gmt":"2025-12-24T08:39:17","slug":"beaufays-bonnet-patch","status":"publish","type":"product","link":"https:\/\/rscbeaufays.thegoodtee.shop\/index.php\/produit\/beaufays-bonnet-patch\/","title":{"rendered":"Bonnet"},"content":{"rendered":"<p>Bonnet<br \/>\nTaille unique<br \/>\n95% coton biologique fil\u00e9 et peign\u00e9, 5% \u00e9lasthane<br \/>\nTransfert DTF<\/p>\n<p>&nbsp;<\/p>\n","protected":false},"excerpt":{"rendered":"<p>Bonnet<br \/>\nTaille unique<br \/>\n5% \u00e9lasthane,95% coton biologique fil\u00e9 et peign\u00e9<br \/>\nBroderie<\/p>\n","protected":false},"featured_media":365,"template":"","meta":{"_monsterinsights_skip_tracking":false,"_monsterinsights_sitenote_active":false,"_monsterinsights_sitenote_note":"","_monsterinsights_sitenote_category":0,"_uf_show_specific_survey":0,"_uf_disable_surveys":false},"product_brand":[],"product_cat":[19],"product_tag":[],"class_list":{"0":"post-106","1":"product","2":"type-product","3":"status-publish","4":"has-post-thumbnail","6":"product_cat-beaufays","8":"first","9":"instock","10":"taxable","11":"shipping-taxable","12":"purchasable","13":"product-type-variable","14":"has-default-attributes"},"aioseo_notices":[],"_links":{"self":[{"href":"https:\/\/rscbeaufays.thegoodtee.shop\/index.php\/wp-json\/wp\/v2\/product\/106","targetHints":{"allow":["GET"]}}],"collection":[{"href":"https:\/\/rscbeaufays.thegoodtee.shop\/index.php\/wp-json\/wp\/v2\/product"}],"about":[{"href":"https:\/\/rscbeaufays.thegoodtee.shop\/index.php\/wp-json\/wp\/v2\/types\/product"}],"wp:featuredmedia":[{"embeddable":true,"href":"https:\/\/rscbeaufays.thegoodtee.shop\/index.php\/wp-json\/wp\/v2\/media\/365"}],"wp:attachment":[{"href":"https:\/\/rscbeaufays.thegoodtee.shop\/index.php\/wp-json\/wp\/v2\/media?parent=106"}],"wp:term":[{"taxonomy":"product_brand","embeddable":true,"href":"https:\/\/rscbeaufays.thegoodtee.shop\/index.php\/wp-json\/wp\/v2\/product_brand?post=106"},{"taxonomy":"product_cat","embeddable":true,"href":"https:\/\/rscbeaufays.thegoodtee.shop\/index.php\/wp-json\/wp\/v2\/product_cat?post=106"},{"taxonomy":"product_tag","embeddable":true,"href":"https:\/\/rscbeaufays.thegoodtee.shop\/index.php\/wp-json\/wp\/v2\/product_tag?post=106"}],"curies":[{"name":"wp","href":"https:\/\/api.w.org\/{rel}","templated":true}]}}