{"id":101,"date":"2024-04-26T15:21:12","date_gmt":"2024-04-26T13:21:12","guid":{"rendered":"http:\/\/rscbeaufays.thegoodtee.shop\/?post_type=product&#038;p=101"},"modified":"2025-05-05T14:33:46","modified_gmt":"2025-05-05T12:33:46","slug":"monarchs-short-de-jogging","status":"publish","type":"product","link":"https:\/\/rscbeaufays.thegoodtee.shop\/index.php\/produit\/monarchs-short-de-jogging\/","title":{"rendered":"Short de jogging adulte"},"content":{"rendered":"<p>Le short de jogging unisexe iconique<br \/>\nCoupe normale<br \/>\n300 GSM<br \/>\n85% coton biologique fil\u00e9 et peign\u00e9,15% polyester recycl\u00e9<\/p>\n<p>Impression DTF<\/p>\n","protected":false},"excerpt":{"rendered":"<p>Le short de jogging unisexe iconique<br \/>\nCoupe normale<br \/>\n300 GSM<br \/>\n85% coton biologique fil\u00e9 et peign\u00e9,15% polyester recycl\u00e9<\/p>\n<p>Impression DTF<\/p>\n","protected":false},"featured_media":492,"template":"","meta":{"_monsterinsights_skip_tracking":false,"_monsterinsights_sitenote_active":false,"_monsterinsights_sitenote_note":"","_monsterinsights_sitenote_category":0,"_uf_show_specific_survey":0,"_uf_disable_surveys":false},"product_brand":[],"product_cat":[19],"product_tag":[],"class_list":{"0":"post-101","1":"product","2":"type-product","3":"status-publish","4":"has-post-thumbnail","6":"product_cat-beaufays","8":"first","9":"instock","10":"taxable","11":"shipping-taxable","12":"purchasable","13":"product-type-variable","14":"has-default-attributes"},"aioseo_notices":[],"_links":{"self":[{"href":"https:\/\/rscbeaufays.thegoodtee.shop\/index.php\/wp-json\/wp\/v2\/product\/101","targetHints":{"allow":["GET"]}}],"collection":[{"href":"https:\/\/rscbeaufays.thegoodtee.shop\/index.php\/wp-json\/wp\/v2\/product"}],"about":[{"href":"https:\/\/rscbeaufays.thegoodtee.shop\/index.php\/wp-json\/wp\/v2\/types\/product"}],"wp:featuredmedia":[{"embeddable":true,"href":"https:\/\/rscbeaufays.thegoodtee.shop\/index.php\/wp-json\/wp\/v2\/media\/492"}],"wp:attachment":[{"href":"https:\/\/rscbeaufays.thegoodtee.shop\/index.php\/wp-json\/wp\/v2\/media?parent=101"}],"wp:term":[{"taxonomy":"product_brand","embeddable":true,"href":"https:\/\/rscbeaufays.thegoodtee.shop\/index.php\/wp-json\/wp\/v2\/product_brand?post=101"},{"taxonomy":"product_cat","embeddable":true,"href":"https:\/\/rscbeaufays.thegoodtee.shop\/index.php\/wp-json\/wp\/v2\/product_cat?post=101"},{"taxonomy":"product_tag","embeddable":true,"href":"https:\/\/rscbeaufays.thegoodtee.shop\/index.php\/wp-json\/wp\/v2\/product_tag?post=101"}],"curies":[{"name":"wp","href":"https:\/\/api.w.org\/{rel}","templated":true}]}}