{"id":88,"date":"2024-04-25T12:19:53","date_gmt":"2024-04-25T10:19:53","guid":{"rendered":"http:\/\/rscbeaufays.thegoodtee.shop\/?page_id=88"},"modified":"2025-09-18T08:57:24","modified_gmt":"2025-09-18T06:57:24","slug":"homepage","status":"publish","type":"page","link":"https:\/\/rscbeaufays.thegoodtee.shop\/","title":{"rendered":"homepage"},"content":{"rendered":"\t\t<div data-elementor-type=\"wp-page\" data-elementor-id=\"88\" class=\"elementor elementor-88\" data-elementor-post-type=\"page\">\n\t\t\t\t<div class=\"elementor-element elementor-element-416bc301 e-flex e-con-boxed e-con e-parent\" data-id=\"416bc301\" data-element_type=\"container\" data-e-type=\"container\" data-settings=\"{&quot;background_background&quot;:&quot;classic&quot;}\">\n\t\t\t\t\t<div class=\"e-con-inner\">\n\t\t\t\t<div class=\"elementor-element elementor-element-31a4e23 elementor-widget elementor-widget-heading\" data-id=\"31a4e23\" data-element_type=\"widget\" data-e-type=\"widget\" data-widget_type=\"heading.default\">\n\t\t\t\t<div class=\"elementor-widget-container\">\n\t\t\t\t\t<h6 class=\"elementor-heading-title elementor-size-default\">royal sporting club Beaufays<\/h6>\t\t\t\t<\/div>\n\t\t\t\t<\/div>\n\t\t\t\t<div class=\"elementor-element elementor-element-7305dc1 elementor-widget elementor-widget-heading\" data-id=\"7305dc1\" data-element_type=\"widget\" data-e-type=\"widget\" data-widget_type=\"heading.default\">\n\t\t\t\t<div class=\"elementor-widget-container\">\n\t\t\t\t\t<h1 class=\"elementor-heading-title elementor-size-default\">Fanshop<\/h1>\t\t\t\t<\/div>\n\t\t\t\t<\/div>\n\t\t\t\t<div class=\"elementor-element elementor-element-3d403510 elementor-align-center elementor-widget elementor-widget-button\" data-id=\"3d403510\" data-element_type=\"widget\" data-e-type=\"widget\" data-widget_type=\"button.default\">\n\t\t\t\t<div class=\"elementor-widget-container\">\n\t\t\t\t\t\t\t\t\t<div class=\"elementor-button-wrapper\">\n\t\t\t\t\t<a class=\"elementor-button elementor-button-link elementor-size-sm\" href=\"https:\/\/rscbeaufays.thegoodtee.shop\/index.php\/boutique\/\">\n\t\t\t\t\t\t<span class=\"elementor-button-content-wrapper\">\n\t\t\t\t\t\t\t\t\t<span class=\"elementor-button-text\">La boutique<\/span>\n\t\t\t\t\t<\/span>\n\t\t\t\t\t<\/a>\n\t\t\t\t<\/div>\n\t\t\t\t\t\t\t\t<\/div>\n\t\t\t\t<\/div>\n\t\t\t\t\t<\/div>\n\t\t\t\t<\/div>\n\t\t<div class=\"elementor-element elementor-element-55aa337 e-flex e-con-boxed e-con e-parent\" data-id=\"55aa337\" data-element_type=\"container\" data-e-type=\"container\">\n\t\t\t\t\t<div class=\"e-con-inner\">\n\t\t\t\t<div class=\"elementor-element elementor-element-a878f39 elementor-product-loop-item--align-center elementor-grid-4 elementor-grid-tablet-3 elementor-grid-mobile-2 elementor-products-grid elementor-wc-products elementor-widget elementor-widget-woocommerce-products\" data-id=\"a878f39\" data-element_type=\"widget\" data-e-type=\"widget\" data-widget_type=\"woocommerce-products.default\">\n\t\t\t\t<div class=\"elementor-widget-container\">\n\t\t\t\t\t<div class=\"woocommerce columns-4 \"><ul class=\"products elementor-grid columns-4\">\n<li class=\"product type-product post-617 status-publish first instock product_cat-beaufays has-post-thumbnail taxable shipping-taxable purchasable product-type-variable has-default-attributes\">\n\t<a href=\"https:\/\/rscbeaufays.thegoodtee.shop\/index.php\/produit\/softshell-enfant\/\" class=\"woocommerce-LoopProduct-link woocommerce-loop-product__link\"><img fetchpriority=\"high\" decoding=\"async\" width=\"300\" height=\"300\" src=\"https:\/\/rscbeaufays.thegoodtee.shop\/wp-content\/uploads\/2024\/05\/Artboard-14-300x300.webp\" class=\"attachment-woocommerce_thumbnail size-woocommerce_thumbnail\" alt=\"Softshell enfant\" srcset=\"https:\/\/rscbeaufays.thegoodtee.shop\/wp-content\/uploads\/2024\/05\/Artboard-14-300x300.webp 300w, https:\/\/rscbeaufays.thegoodtee.shop\/wp-content\/uploads\/2024\/05\/Artboard-14-150x150.webp 150w, https:\/\/rscbeaufays.thegoodtee.shop\/wp-content\/uploads\/2024\/05\/Artboard-14-768x767.webp 768w, https:\/\/rscbeaufays.thegoodtee.shop\/wp-content\/uploads\/2024\/05\/Artboard-14-600x599.webp 600w, https:\/\/rscbeaufays.thegoodtee.shop\/wp-content\/uploads\/2024\/05\/Artboard-14-100x100.webp 100w, https:\/\/rscbeaufays.thegoodtee.shop\/wp-content\/uploads\/2024\/05\/Artboard-14.webp 1001w\" sizes=\"(max-width: 300px) 100vw, 300px\" \/><h2 class=\"woocommerce-loop-product__title\">Softshell enfant<\/h2>\n\t<span class=\"price\"><span class=\"woocommerce-Price-amount amount\"><bdi><span class=\"woocommerce-Price-currencySymbol\">&euro;<\/span>&nbsp;65,00<\/bdi><\/span><\/span>\n<\/a><a href=\"https:\/\/rscbeaufays.thegoodtee.shop\/index.php\/produit\/softshell-enfant\/\" aria-describedby=\"woocommerce_loop_add_to_cart_link_describedby_617\" data-quantity=\"1\" class=\"button product_type_variable add_to_cart_button\" data-product_id=\"617\" data-product_sku=\"k402-beaufays\" aria-label=\"S\u00e9lectionner les options pour &ldquo;Softshell enfant&rdquo;\" rel=\"nofollow\">Choix des options<\/a>\t<span id=\"woocommerce_loop_add_to_cart_link_describedby_617\" class=\"screen-reader-text\">\n\t\tCe produit a plusieurs variations. Les options peuvent \u00eatre choisies sur la page du produit\t<\/span>\n<\/li>\n<li class=\"product type-product post-663 status-publish instock product_cat-beaufays has-post-thumbnail taxable shipping-taxable purchasable product-type-simple\">\n\t<a href=\"https:\/\/rscbeaufays.thegoodtee.shop\/index.php\/produit\/echarpe-supporter\/\" class=\"woocommerce-LoopProduct-link woocommerce-loop-product__link\"><img decoding=\"async\" width=\"300\" height=\"300\" src=\"https:\/\/rscbeaufays.thegoodtee.shop\/wp-content\/uploads\/2024\/10\/echarpe-beaufays-300x300.webp\" class=\"attachment-woocommerce_thumbnail size-woocommerce_thumbnail\" alt=\"Echarpe - supporter\" srcset=\"https:\/\/rscbeaufays.thegoodtee.shop\/wp-content\/uploads\/2024\/10\/echarpe-beaufays-300x300.webp 300w, https:\/\/rscbeaufays.thegoodtee.shop\/wp-content\/uploads\/2024\/10\/echarpe-beaufays-150x150.webp 150w, https:\/\/rscbeaufays.thegoodtee.shop\/wp-content\/uploads\/2024\/10\/echarpe-beaufays-768x768.webp 768w, https:\/\/rscbeaufays.thegoodtee.shop\/wp-content\/uploads\/2024\/10\/echarpe-beaufays-600x600.webp 600w, https:\/\/rscbeaufays.thegoodtee.shop\/wp-content\/uploads\/2024\/10\/echarpe-beaufays-100x100.webp 100w, https:\/\/rscbeaufays.thegoodtee.shop\/wp-content\/uploads\/2024\/10\/echarpe-beaufays.webp 1000w\" sizes=\"(max-width: 300px) 100vw, 300px\" \/><h2 class=\"woocommerce-loop-product__title\">Echarpe &#8211; supporter<\/h2>\n\t<span class=\"price\"><span class=\"woocommerce-Price-amount amount\"><bdi><span class=\"woocommerce-Price-currencySymbol\">&euro;<\/span>&nbsp;25,00<\/bdi><\/span><\/span>\n<\/a><a href=\"\/index.php\/wp-json\/wp\/v2\/pages\/88?add-to-cart=663\" aria-describedby=\"woocommerce_loop_add_to_cart_link_describedby_663\" data-quantity=\"1\" class=\"button product_type_simple add_to_cart_button ajax_add_to_cart\" data-product_id=\"663\" data-product_sku=\"\" aria-label=\"Ajouter au panier\u00a0: &ldquo;Echarpe - supporter&rdquo;\" rel=\"nofollow\" data-success_message=\"\u00ab\u00a0Echarpe - supporter\u00a0\u00bb a \u00e9t\u00e9 ajout\u00e9 \u00e0 votre panier\" role=\"button\">Ajouter au panier<\/a>\t<span id=\"woocommerce_loop_add_to_cart_link_describedby_663\" class=\"screen-reader-text\">\n\t\t\t<\/span>\n<\/li>\n<li class=\"product type-product post-98 status-publish instock product_cat-beaufays has-post-thumbnail taxable shipping-taxable purchasable product-type-variable has-default-attributes\">\n\t<a href=\"https:\/\/rscbeaufays.thegoodtee.shop\/index.php\/produit\/monarchs-pull-a-col-rond\/\" class=\"woocommerce-LoopProduct-link woocommerce-loop-product__link\"><img decoding=\"async\" width=\"300\" height=\"300\" src=\"https:\/\/rscbeaufays.thegoodtee.shop\/wp-content\/uploads\/2024\/04\/Artboard-9-300x300.webp\" class=\"attachment-woocommerce_thumbnail size-woocommerce_thumbnail\" alt=\"Sweatshirt enfant\" srcset=\"https:\/\/rscbeaufays.thegoodtee.shop\/wp-content\/uploads\/2024\/04\/Artboard-9-300x300.webp 300w, https:\/\/rscbeaufays.thegoodtee.shop\/wp-content\/uploads\/2024\/04\/Artboard-9-150x150.webp 150w, https:\/\/rscbeaufays.thegoodtee.shop\/wp-content\/uploads\/2024\/04\/Artboard-9-768x767.webp 768w, https:\/\/rscbeaufays.thegoodtee.shop\/wp-content\/uploads\/2024\/04\/Artboard-9-600x599.webp 600w, https:\/\/rscbeaufays.thegoodtee.shop\/wp-content\/uploads\/2024\/04\/Artboard-9-100x100.webp 100w, https:\/\/rscbeaufays.thegoodtee.shop\/wp-content\/uploads\/2024\/04\/Artboard-9.webp 1001w\" sizes=\"(max-width: 300px) 100vw, 300px\" \/><h2 class=\"woocommerce-loop-product__title\">Sweatshirt enfant<\/h2>\n\t<span class=\"price\"><span class=\"woocommerce-Price-amount amount\"><bdi><span class=\"woocommerce-Price-currencySymbol\">&euro;<\/span>&nbsp;45,00<\/bdi><\/span><\/span>\n<\/a><a href=\"https:\/\/rscbeaufays.thegoodtee.shop\/index.php\/produit\/monarchs-pull-a-col-rond\/\" aria-describedby=\"woocommerce_loop_add_to_cart_link_describedby_98\" data-quantity=\"1\" class=\"button product_type_variable add_to_cart_button\" data-product_id=\"98\" data-product_sku=\"STSK181-Beaufays\" aria-label=\"S\u00e9lectionner les options pour &ldquo;Sweatshirt enfant&rdquo;\" rel=\"nofollow\">Choix des options<\/a>\t<span id=\"woocommerce_loop_add_to_cart_link_describedby_98\" class=\"screen-reader-text\">\n\t\tCe produit a plusieurs variations. Les options peuvent \u00eatre choisies sur la page du produit\t<\/span>\n<\/li>\n<li class=\"product type-product post-106 status-publish last instock product_cat-beaufays has-post-thumbnail taxable shipping-taxable purchasable product-type-variable has-default-attributes\">\n\t<a href=\"https:\/\/rscbeaufays.thegoodtee.shop\/index.php\/produit\/beaufays-bonnet-patch\/\" class=\"woocommerce-LoopProduct-link woocommerce-loop-product__link\"><img loading=\"lazy\" decoding=\"async\" width=\"300\" height=\"300\" src=\"https:\/\/rscbeaufays.thegoodtee.shop\/wp-content\/uploads\/2024\/04\/Artboard-15-300x300.webp\" class=\"attachment-woocommerce_thumbnail size-woocommerce_thumbnail\" alt=\"Bonnet\" srcset=\"https:\/\/rscbeaufays.thegoodtee.shop\/wp-content\/uploads\/2024\/04\/Artboard-15-300x300.webp 300w, https:\/\/rscbeaufays.thegoodtee.shop\/wp-content\/uploads\/2024\/04\/Artboard-15-150x150.webp 150w, https:\/\/rscbeaufays.thegoodtee.shop\/wp-content\/uploads\/2024\/04\/Artboard-15-768x767.webp 768w, https:\/\/rscbeaufays.thegoodtee.shop\/wp-content\/uploads\/2024\/04\/Artboard-15-600x599.webp 600w, https:\/\/rscbeaufays.thegoodtee.shop\/wp-content\/uploads\/2024\/04\/Artboard-15-100x100.webp 100w, https:\/\/rscbeaufays.thegoodtee.shop\/wp-content\/uploads\/2024\/04\/Artboard-15.webp 1001w\" sizes=\"(max-width: 300px) 100vw, 300px\" \/><h2 class=\"woocommerce-loop-product__title\">Bonnet<\/h2>\n\t<span class=\"price\"><span class=\"woocommerce-Price-amount amount\"><bdi><span class=\"woocommerce-Price-currencySymbol\">&euro;<\/span>&nbsp;20,00<\/bdi><\/span><\/span>\n<\/a><a href=\"https:\/\/rscbeaufays.thegoodtee.shop\/index.php\/produit\/beaufays-bonnet-patch\/\" aria-describedby=\"woocommerce_loop_add_to_cart_link_describedby_106\" data-quantity=\"1\" class=\"button product_type_variable add_to_cart_button\" data-product_id=\"106\" data-product_sku=\"CB446-Beaufays\" aria-label=\"S\u00e9lectionner les options pour &ldquo;Bonnet&rdquo;\" rel=\"nofollow\">Choix des options<\/a>\t<span id=\"woocommerce_loop_add_to_cart_link_describedby_106\" class=\"screen-reader-text\">\n\t\tCe produit a plusieurs variations. Les options peuvent \u00eatre choisies sur la page du produit\t<\/span>\n<\/li>\n<\/ul>\n<\/div>\t\t\t\t<\/div>\n\t\t\t\t<\/div>\n\t\t\t\t<div class=\"elementor-element elementor-element-a8e3ec4 elementor-align-center elementor-widget elementor-widget-button\" data-id=\"a8e3ec4\" data-element_type=\"widget\" data-e-type=\"widget\" data-widget_type=\"button.default\">\n\t\t\t\t<div class=\"elementor-widget-container\">\n\t\t\t\t\t\t\t\t\t<div class=\"elementor-button-wrapper\">\n\t\t\t\t\t<a class=\"elementor-button elementor-button-link elementor-size-sm\" href=\"https:\/\/rscbeaufays.thegoodtee.shop\/index.php\/boutique\/\">\n\t\t\t\t\t\t<span class=\"elementor-button-content-wrapper\">\n\t\t\t\t\t\t\t\t\t<span class=\"elementor-button-text\">La boutique<\/span>\n\t\t\t\t\t<\/span>\n\t\t\t\t\t<\/a>\n\t\t\t\t<\/div>\n\t\t\t\t\t\t\t\t<\/div>\n\t\t\t\t<\/div>\n\t\t\t\t\t<\/div>\n\t\t\t\t<\/div>\n\t\t\t\t<\/div>\n\t\t","protected":false},"excerpt":{"rendered":"<p>royal sporting club Beaufays Fanshop La boutique La boutique<\/p>\n","protected":false},"author":1,"featured_media":0,"parent":0,"menu_order":0,"comment_status":"closed","ping_status":"closed","template":"","meta":{"_monsterinsights_skip_tracking":false,"_monsterinsights_sitenote_active":false,"_monsterinsights_sitenote_note":"","_monsterinsights_sitenote_category":0,"_uf_show_specific_survey":0,"_uf_disable_surveys":false,"footnotes":""},"class_list":["post-88","page","type-page","status-publish","hentry"],"aioseo_notices":[],"_links":{"self":[{"href":"https:\/\/rscbeaufays.thegoodtee.shop\/index.php\/wp-json\/wp\/v2\/pages\/88","targetHints":{"allow":["GET"]}}],"collection":[{"href":"https:\/\/rscbeaufays.thegoodtee.shop\/index.php\/wp-json\/wp\/v2\/pages"}],"about":[{"href":"https:\/\/rscbeaufays.thegoodtee.shop\/index.php\/wp-json\/wp\/v2\/types\/page"}],"author":[{"embeddable":true,"href":"https:\/\/rscbeaufays.thegoodtee.shop\/index.php\/wp-json\/wp\/v2\/users\/1"}],"replies":[{"embeddable":true,"href":"https:\/\/rscbeaufays.thegoodtee.shop\/index.php\/wp-json\/wp\/v2\/comments?post=88"}],"version-history":[{"count":52,"href":"https:\/\/rscbeaufays.thegoodtee.shop\/index.php\/wp-json\/wp\/v2\/pages\/88\/revisions"}],"predecessor-version":[{"id":772,"href":"https:\/\/rscbeaufays.thegoodtee.shop\/index.php\/wp-json\/wp\/v2\/pages\/88\/revisions\/772"}],"wp:attachment":[{"href":"https:\/\/rscbeaufays.thegoodtee.shop\/index.php\/wp-json\/wp\/v2\/media?parent=88"}],"curies":[{"name":"wp","href":"https:\/\/api.w.org\/{rel}","templated":true}]}}