{"id":590,"date":"2024-05-03T17:48:53","date_gmt":"2024-05-03T15:48:53","guid":{"rendered":"https:\/\/rscbeaufays.thegoodtee.shop\/?page_id=590"},"modified":"2024-05-03T17:50:18","modified_gmt":"2024-05-03T15:50:18","slug":"conditions-generales-de-vente","status":"publish","type":"page","link":"https:\/\/rscbeaufays.thegoodtee.shop\/index.php\/conditions-generales-de-vente\/","title":{"rendered":"Conditions g\u00e9n\u00e9rales de vente\u200b"},"content":{"rendered":"\t\t<div data-elementor-type=\"wp-page\" data-elementor-id=\"590\" class=\"elementor elementor-590\" data-elementor-post-type=\"page\">\n\t\t\t\t<div class=\"elementor-element elementor-element-1199705 e-flex e-con-boxed e-con e-parent\" data-id=\"1199705\" data-element_type=\"container\" data-e-type=\"container\">\n\t\t\t\t\t<div class=\"e-con-inner\">\n\t\t\t\t<div class=\"elementor-element elementor-element-918a9ea elementor-widget elementor-widget-heading\" data-id=\"918a9ea\" data-element_type=\"widget\" data-e-type=\"widget\" data-widget_type=\"heading.default\">\n\t\t\t\t<div class=\"elementor-widget-container\">\n\t\t\t\t\t<h2 class=\"elementor-heading-title elementor-size-default\">Conditions g\u00e9n\u00e9rales de vente\u200b<\/h2>\t\t\t\t<\/div>\n\t\t\t\t<\/div>\n\t\t\t\t\t<\/div>\n\t\t\t\t<\/div>\n\t\t<div class=\"elementor-element elementor-element-4205ba4 e-flex e-con-boxed e-con e-parent\" data-id=\"4205ba4\" data-element_type=\"container\" data-e-type=\"container\">\n\t\t\t\t\t<div class=\"e-con-inner\">\n\t\t\t\t<div class=\"elementor-element elementor-element-e52b4a6 elementor-widget elementor-widget-text-editor\" data-id=\"e52b4a6\" data-element_type=\"widget\" data-e-type=\"widget\" data-widget_type=\"text-editor.default\">\n\t\t\t\t<div class=\"elementor-widget-container\">\n\t\t\t\t\t\t\t\t\t<p><b>\u00ab\u00a0Acceptation des conditions\u00a0\u00bb <br \/><\/b>Le client reconna\u00eet par la validation de sa commande avoir pris connaissance, au moment de la passation de commande, des conditions particuli\u00e8res de vente et d\u00e9clare express\u00e9ment y adh\u00e9rer sans r\u00e9serve. Les pr\u00e9sentes conditions g\u00e9n\u00e9rales de vente r\u00e9gissent les relations contractuelles entre la <b>SMARTEX SRL<\/b> et son client, les deux parties les acceptant sans r\u00e9serve.<\/p><p><b>\u00ab\u00a0Garanties\u00a0\u00bb <br \/><\/b>Le client b\u00e9n\u00e9ficie de la garantie l\u00e9gale d\u2019\u00e9viction et des vices cach\u00e9s.<\/p><p>Il doit faire la preuve du d\u00e9faut cach\u00e9 et le vendeur doit en r\u00e9parer les cons\u00e9quences.<\/p><p>Sont exclus de cette garantie, l\u2019utilisation ou le stockage inappropri\u00e9s du produit qui entra\u00eeneraient une d\u00e9gradation anormale et les traces d\u2019usures normales in\u00e9rantes \u00e0 l\u2019utilisation des articles.<\/p><p><b>\u00ab\u00a0Disponibilit\u00e9\u00a0\u00bb<br \/><\/b>En cas de probl\u00e8me de stock, de fabrication ou de livraison, notre service client vous avisera dans les meilleurs d\u00e9lais.<\/p><p>Les produits personnalis\u00e9s, sont soumis aux al\u00e9as d\u2019approvisionnement et de fabrication.<br \/>La majorit\u00e9 seront exp\u00e9di\u00e9s sous 7 jours.<\/p><p>En cas d\u2019urgence, nous vous invitons \u00e0 le notifier dans le champ \u00ab\u202fremarque\u202f\u00bb <br \/>lors de la commande ou nous contacter par mail ou t\u00e9l\u00e9phone.<\/p><p><b>\u00ab\u00a0Prix et frais de livraisons\u00a0\u00bb <\/b>Nos prix sont exprim\u00e9s en euros toutes taxes comprises au taux de TVA<br \/>en vigueur hors participation aux frais de port.<\/p><p><b>\u00ab\u00a0Commande\u00a0\u00bb<\/b> <br \/>Les commandes sont r\u00e9gl\u00e9es par paiement en ligne.<br \/>La commande est effective \u00e0 compter de l\u2019encaissement du r\u00e8glement.<br \/>Nous nous r\u00e9servons le droit d\u2019annuler et de rembourser la commande d\u2019un client qui n\u2019entrerait pas dans le cadre l\u00e9gal ou technique.<\/p><p><b>\u00ab\u00a0Livraisons et d\u00e9lai de livraison\u00a0\u00bb <br \/><\/b>Les exp\u00e9ditions sont effectu\u00e9es dans les meilleurs d\u00e9lais apr\u00e8s r\u00e9ception de la commande et du r\u00e8glement de la marchandise par plusieurs prestataires s\u00e9lectionn\u00e9s en fonction de la destination.<\/p><p>Les marchandises voyagent aux risques et p\u00e9rils du destinataire.<\/p><p>Si l\u2019acheteur est absent lors de la livraison des produits, il lui incombe d\u2019aller retirer sa marchandise \u00e0 l\u2019adresse mentionn\u00e9e sur l\u2019avis de passage.<\/p><p>Le d\u00e9lai pr\u00e9cis\u00e9 sur la commande n\u2019est qu\u2019indicatif et la <b>SRL Smartex<\/b> ne peut \u00eatre tenue pour responsable en cas de d\u00e9passement de ce d\u00e9lai.<\/p><p>La <b>SRL Smartex<\/b> est lib\u00e9r\u00e9e de son obligation de livraison pour tous cas de force majeure. Pour information les gr\u00e8ves totales ou partielles, les inondations, les incendies, les catastrophes naturelles d\u00e9clar\u00e9es sont des cas de force majeure.<\/p><p><b>\u00ab\u00a0Droit de r\u00e9tractation\u00a0\u00bb<br \/><\/b>Le client dispose d\u2019un d\u00e9lai de 14 jours \u00e0 compter de la livraison de sa commande pour faire retour des produits en stock \u00e0 la SRL Smartex pour \u00e9change ou remboursement sans p\u00e9nalit\u00e9 \u00e0 l\u2019exception des frais de port d\u00e9j\u00e0 engag\u00e9s. Les frais de port d\u2019un produit d\u00e9j\u00e0 exp\u00e9di\u00e9 ne seront pas rembours\u00e9s.<\/p><p>Le remboursement ou l\u2019\u00e9change d\u2019un produit personnalis\u00e9 n\u2019est permis que sur pr\u00e9sentation (photos ou retour marchandise) d\u00e9montrant l\u2019erreur commise par la <b>SRL Smartex<\/b>.<\/p><p>Aucun frais de port engag\u00e9s par l\u2019acheteur sans accord pr\u00e9alable du service client ne sera rembours\u00e9.<\/p><p>En cas de retour d\u2019un article par le transporteur soit parce qu\u2019il n\u2019a pas \u00e9t\u00e9 r\u00e9clam\u00e9 dans le d\u00e9lais imparti, soit parce que le client n\u2019aura pas mentionn\u00e9 dans son adresse de livraison des coordonn\u00e9es compl\u00e8tes ou exactes, les frais de port seront \u00e0 nouveau factur\u00e9s au destinataire pour que le colis puisse \u00eatre r\u00e9exp\u00e9di\u00e9, si le client suite \u00e0 ce retour demande le remboursement de sa commande, celui ci sera amput\u00e9 des frais de port d\u00e9j\u00e0 engag\u00e9s lors de la livraison.<\/p><p><b>\u00ab\u00a0L\u00e9gislation applicable et juridiction comp\u00e9tente\u00a0\u00bb <br \/><\/b>Le pr\u00e9sent contrat est soumis \u00e0 la l\u00e9gislation belge, tout litige qui n\u2019aura pas trouv\u00e9 de solution amiable sera soumis au droit Belge devant le tribunal de commerce de Li\u00e8ge.<\/p>\t\t\t\t\t\t\t\t<\/div>\n\t\t\t\t<\/div>\n\t\t\t\t\t<\/div>\n\t\t\t\t<\/div>\n\t\t\t\t<\/div>\n\t\t","protected":false},"excerpt":{"rendered":"<p>Conditions g\u00e9n\u00e9rales de vente\u200b \u00ab\u00a0Acceptation des conditions\u00a0\u00bb Le client reconna\u00eet par la validation de sa commande avoir pris connaissance, au moment de la passation de commande, des conditions particuli\u00e8res de vente et d\u00e9clare express\u00e9ment y adh\u00e9rer sans r\u00e9serve. Les pr\u00e9sentes conditions g\u00e9n\u00e9rales de vente r\u00e9gissent les relations contractuelles entre la SMARTEX SRL et son client, [&hellip;]<\/p>\n","protected":false},"author":1,"featured_media":0,"parent":0,"menu_order":0,"comment_status":"closed","ping_status":"closed","template":"","meta":{"_monsterinsights_skip_tracking":false,"_monsterinsights_sitenote_active":false,"_monsterinsights_sitenote_note":"","_monsterinsights_sitenote_category":0,"_uf_show_specific_survey":0,"_uf_disable_surveys":false,"footnotes":""},"class_list":["post-590","page","type-page","status-publish","hentry"],"aioseo_notices":[],"_links":{"self":[{"href":"https:\/\/rscbeaufays.thegoodtee.shop\/index.php\/wp-json\/wp\/v2\/pages\/590","targetHints":{"allow":["GET"]}}],"collection":[{"href":"https:\/\/rscbeaufays.thegoodtee.shop\/index.php\/wp-json\/wp\/v2\/pages"}],"about":[{"href":"https:\/\/rscbeaufays.thegoodtee.shop\/index.php\/wp-json\/wp\/v2\/types\/page"}],"author":[{"embeddable":true,"href":"https:\/\/rscbeaufays.thegoodtee.shop\/index.php\/wp-json\/wp\/v2\/users\/1"}],"replies":[{"embeddable":true,"href":"https:\/\/rscbeaufays.thegoodtee.shop\/index.php\/wp-json\/wp\/v2\/comments?post=590"}],"version-history":[{"count":7,"href":"https:\/\/rscbeaufays.thegoodtee.shop\/index.php\/wp-json\/wp\/v2\/pages\/590\/revisions"}],"predecessor-version":[{"id":597,"href":"https:\/\/rscbeaufays.thegoodtee.shop\/index.php\/wp-json\/wp\/v2\/pages\/590\/revisions\/597"}],"wp:attachment":[{"href":"https:\/\/rscbeaufays.thegoodtee.shop\/index.php\/wp-json\/wp\/v2\/media?parent=590"}],"curies":[{"name":"wp","href":"https:\/\/api.w.org\/{rel}","templated":true}]}}